{"id":124,"date":"2015-11-11T15:50:39","date_gmt":"2015-11-11T14:50:39","guid":{"rendered":"http:\/\/demo.qkthemes.net\/construct\/?page_id=124"},"modified":"2021-04-26T20:37:39","modified_gmt":"2021-04-26T18:37:39","slug":"daecher","status":"publish","type":"page","link":"https:\/\/dafa-leipzig.de\/?page_id=124","title":{"rendered":"D\u00e4cher"},"content":{"rendered":"<p>[vc_row][vc_column width=&#8220;1\/2&#8243;][vc_column_text]<\/p>\n<h3>Dachdecker-Meisterbetrieb<\/h3>\n<p>&nbsp;<\/p>\n<p>Im Gesch\u00e4ftsfeld Dach und Fassade realisiert die DAFA aus Leipzig bei Neubauten und Sanierungen verschiedenste Einzelleistungen, die selbstverst\u00e4ndlich auch immer denkmalschutzgerecht umsetzbar sind.[\/vc_column_text][\/vc_column][vc_column width=&#8220;1\/2&#8243;][vc_single_image image=&#8220;1128&#8243; img_size=&#8220;large&#8220;][\/vc_column][\/vc_row][vc_row][vc_column width=&#8220;1\/2&#8243;][vc_single_image image=&#8220;318&#8243; img_size=&#8220;large&#8220;][\/vc_column][vc_column width=&#8220;1\/2&#8243;][vc_column_text el_class=&#8220;wp-dafa-list-style&#8220;]<\/p>\n<ul>\n<li>Dachdeckungen &amp; Dachdichtungen<\/li>\n<li>Verblechungen von D\u00e4chern und Fassaden<\/li>\n<li>Dachentw\u00e4sserungsanlagen<\/li>\n<li>Dachst\u00fchle und traditionelle Zimmererarbeiten<\/li>\n<li>Fachwerkbau<\/li>\n<li>Putzfassaden und Ger\u00fcstbau<\/li>\n<li>Einbau genormter Bauelemente (Fenster, Au\u00dfent\u00fcren)<\/li>\n<li>Komplettsanierungen<\/li>\n<\/ul>\n<p>[\/vc_column_text][\/vc_column][\/vc_row][vc_row][vc_column width=&#8220;1\/2&#8243;][vc_column_text]<\/p>\n<h3>Dachklempnerarbeiten<\/h3>\n<p>Im Bereich des Dachklempnerhandwerks setzen die Gesellen und Meister der DAFA Bau GmbH komplette Dacheindeckungen oder auch die Verkleidung von Fassaden um und verleihen den Geb\u00e4uden ein modernes und fortschrittliches \u00c4u\u00dferes. Auch die Installation und Reparatur von Dachentw\u00e4sserungsanlagen inklusive Regenrinnen, Ablauf- und Fallrohren geh\u00f6rt zum Leistungsspektrum.[\/vc_column_text][\/vc_column][vc_column width=&#8220;1\/2&#8243;][vc_single_image image=&#8220;1505&#8243; img_size=&#8220;large&#8220;][\/vc_column][\/vc_row][vc_row][vc_column width=&#8220;1\/2&#8243;][vc_single_image image=&#8220;1492&#8243; img_size=&#8220;large&#8220;][\/vc_column][vc_column width=&#8220;1\/2&#8243;][vc_column_text]Dar\u00fcber hinaus werden Jahrhunderte alte Techniken und neue Technologien bei der Sanierung von historischen Bauten mit komplizierten Detailarbeiten miteinander verkn\u00fcpft. So werden beispielsweise Zwiebeleckt\u00fcrme oder Kirchturmspitzen wieder zu echten Glanzpunkten.[\/vc_column_text][\/vc_column][\/vc_row]<\/p>\n","protected":false},"excerpt":{"rendered":"<p>[vc_row][vc_column width=&#8220;1\/2&#8243;][vc_column_text] Dachdecker-Meisterbetrieb &nbsp; Im Gesch\u00e4ftsfeld Dach und Fassade realisiert die DAFA aus Leipzig bei Neubauten und Sanierungen verschiedenste Einzelleistungen, die selbstverst\u00e4ndlich auch immer denkmalschutzgerecht umsetzbar sind.[\/vc_column_text][\/vc_column][vc_column width=&#8220;1\/2&#8243;][vc_single_image image=&#8220;1128&#8243; img_size=&#8220;large&#8220;][\/vc_column][\/vc_row][vc_row][vc_column width=&#8220;1\/2&#8243;][vc_single_image image=&#8220;318&#8243; img_size=&#8220;large&#8220;][\/vc_column][vc_column width=&#8220;1\/2&#8243;][vc_column_text el_class=&#8220;wp-dafa-list-style&#8220;] Dachdeckungen &amp; Dachdichtungen Verblechungen von D\u00e4chern und Fassaden Dachentw\u00e4sserungsanlagen Dachst\u00fchle und traditionelle Zimmererarbeiten Fachwerkbau Putzfassaden und Ger\u00fcstbau Einbau genormter Bauelemente [&hellip;]<\/p>\n","protected":false},"author":1,"featured_media":0,"parent":71,"menu_order":0,"comment_status":"closed","ping_status":"closed","template":"template-service.php","meta":{"_eb_attr":"","footnotes":""},"class_list":["post-124","page","type-page","status-publish","hentry"],"acf":[],"_links":{"self":[{"href":"https:\/\/dafa-leipzig.de\/index.php?rest_route=\/wp\/v2\/pages\/124","targetHints":{"allow":["GET"]}}],"collection":[{"href":"https:\/\/dafa-leipzig.de\/index.php?rest_route=\/wp\/v2\/pages"}],"about":[{"href":"https:\/\/dafa-leipzig.de\/index.php?rest_route=\/wp\/v2\/types\/page"}],"author":[{"embeddable":true,"href":"https:\/\/dafa-leipzig.de\/index.php?rest_route=\/wp\/v2\/users\/1"}],"replies":[{"embeddable":true,"href":"https:\/\/dafa-leipzig.de\/index.php?rest_route=%2Fwp%2Fv2%2Fcomments&post=124"}],"version-history":[{"count":3,"href":"https:\/\/dafa-leipzig.de\/index.php?rest_route=\/wp\/v2\/pages\/124\/revisions"}],"predecessor-version":[{"id":1506,"href":"https:\/\/dafa-leipzig.de\/index.php?rest_route=\/wp\/v2\/pages\/124\/revisions\/1506"}],"up":[{"embeddable":true,"href":"https:\/\/dafa-leipzig.de\/index.php?rest_route=\/wp\/v2\/pages\/71"}],"wp:attachment":[{"href":"https:\/\/dafa-leipzig.de\/index.php?rest_route=%2Fwp%2Fv2%2Fmedia&parent=124"}],"curies":[{"name":"wp","href":"https:\/\/api.w.org\/{rel}","templated":true}]}}