{"id":131,"date":"2015-11-11T15:53:43","date_gmt":"2015-11-11T14:53:43","guid":{"rendered":"http:\/\/demo.qkthemes.net\/construct\/?page_id=131"},"modified":"2021-04-26T20:54:00","modified_gmt":"2021-04-26T18:54:00","slug":"generalunternehmer","status":"publish","type":"page","link":"https:\/\/dafa-leipzig.de\/?page_id=131","title":{"rendered":"Generalunternehmer"},"content":{"rendered":"<p>[vc_row][vc_column width=&#8220;1\/2&#8243;][vc_column_text]<\/p>\n<h3>Generalunternehmer<\/h3>\n<p>&nbsp;<\/p>\n<p>Ein Bauvorhaben ben\u00f6tigt viel Know-How. Die DAFA kann aus \u00fcber 60 Jahren Erfahrung sch\u00f6pfen und die Realisierung von Projekten vollst\u00e4ndig \u00fcbernehmen.[\/vc_column_text][\/vc_column][vc_column width=&#8220;1\/2&#8243;][vc_single_image image=&#8220;974&#8243; img_size=&#8220;large&#8220;][\/vc_column][\/vc_row][vc_row][vc_column width=&#8220;1\/2&#8243;][vc_single_image image=&#8220;400&#8243; img_size=&#8220;large&#8220;][\/vc_column][vc_column width=&#8220;1\/2&#8243;][vc_column_text]<\/p>\n<h3>Komplettausbau<\/h3>\n<p>&nbsp;<\/p>\n<p>Inklusive aller erg\u00e4nzenden Ma\u00dfnahmen \u2013 von T\u00fcren, \u00fcber Bodenbel\u00e4ge\u00a0 bis hin zur Beleuchtungstechnik, sind wir kompetenter Ansprechpartner. Hier bieten wir das passgenaue Zusammenspiel der verschiedenen Gewerke mit allen technischen und organisatorischen M\u00f6glichkeiten aus einer Hand.[\/vc_column_text][\/vc_column][\/vc_row]<\/p>\n","protected":false},"excerpt":{"rendered":"<p>[vc_row][vc_column width=&#8220;1\/2&#8243;][vc_column_text] Generalunternehmer &nbsp; Ein Bauvorhaben ben\u00f6tigt viel Know-How. Die DAFA kann aus \u00fcber 60 Jahren Erfahrung sch\u00f6pfen und die Realisierung von Projekten vollst\u00e4ndig \u00fcbernehmen.[\/vc_column_text][\/vc_column][vc_column width=&#8220;1\/2&#8243;][vc_single_image image=&#8220;974&#8243; img_size=&#8220;large&#8220;][\/vc_column][\/vc_row][vc_row][vc_column width=&#8220;1\/2&#8243;][vc_single_image image=&#8220;400&#8243; img_size=&#8220;large&#8220;][\/vc_column][vc_column width=&#8220;1\/2&#8243;][vc_column_text] Komplettausbau &nbsp; Inklusive aller erg\u00e4nzenden Ma\u00dfnahmen \u2013 von T\u00fcren, \u00fcber Bodenbel\u00e4ge\u00a0 bis hin zur Beleuchtungstechnik, sind wir kompetenter Ansprechpartner. Hier bieten wir das [&hellip;]<\/p>\n","protected":false},"author":1,"featured_media":0,"parent":71,"menu_order":0,"comment_status":"closed","ping_status":"closed","template":"template-service.php","meta":{"_eb_attr":"","footnotes":""},"class_list":["post-131","page","type-page","status-publish","hentry"],"acf":[],"_links":{"self":[{"href":"https:\/\/dafa-leipzig.de\/index.php?rest_route=\/wp\/v2\/pages\/131","targetHints":{"allow":["GET"]}}],"collection":[{"href":"https:\/\/dafa-leipzig.de\/index.php?rest_route=\/wp\/v2\/pages"}],"about":[{"href":"https:\/\/dafa-leipzig.de\/index.php?rest_route=\/wp\/v2\/types\/page"}],"author":[{"embeddable":true,"href":"https:\/\/dafa-leipzig.de\/index.php?rest_route=\/wp\/v2\/users\/1"}],"replies":[{"embeddable":true,"href":"https:\/\/dafa-leipzig.de\/index.php?rest_route=%2Fwp%2Fv2%2Fcomments&post=131"}],"version-history":[{"count":3,"href":"https:\/\/dafa-leipzig.de\/index.php?rest_route=\/wp\/v2\/pages\/131\/revisions"}],"predecessor-version":[{"id":1509,"href":"https:\/\/dafa-leipzig.de\/index.php?rest_route=\/wp\/v2\/pages\/131\/revisions\/1509"}],"up":[{"embeddable":true,"href":"https:\/\/dafa-leipzig.de\/index.php?rest_route=\/wp\/v2\/pages\/71"}],"wp:attachment":[{"href":"https:\/\/dafa-leipzig.de\/index.php?rest_route=%2Fwp%2Fv2%2Fmedia&parent=131"}],"curies":[{"name":"wp","href":"https:\/\/api.w.org\/{rel}","templated":true}]}}