{"id":1342,"date":"2021-04-07T17:42:39","date_gmt":"2021-04-07T15:42:39","guid":{"rendered":"https:\/\/dafa-leipzig.de\/?page_id=1342"},"modified":"2025-05-07T01:24:24","modified_gmt":"2025-05-06T23:24:24","slug":"karriere","status":"publish","type":"page","link":"https:\/\/dafa-leipzig.de\/?page_id=1342","title":{"rendered":"Karriere"},"content":{"rendered":"<p>[vc_row css=&#8220;.vc_custom_1634738157450{margin-top: 6em !important;margin-bottom: 3em !important;}&#8220;][vc_column][vc_custom_heading text=&#8220;Sie m\u00f6chten in einem interessanten Arbeitsumfeld in Leipzig arbeiten?<br \/>\nWir suchen professionelle Verst\u00e4rkung!&#8220; font_container=&#8220;tag:h2|text_align:center&#8220; google_fonts=&#8220;font_family:ABeeZee%3Aregular%2Citalic|font_style:400%20regular%3A400%3Anormal&#8220;][\/vc_column][\/vc_row][vc_row][vc_column][vc_column_text]Warum wir ein toller Arbeitsgeber sind<\/p>\n<ul>\n<li>Eine unbefristete Anstellung in einem nachhaltig denkenden mittelst\u00e4ndischen Unternehmen in dem mehr als 60 Jahre Erfolgsgeschichte und die Agilit\u00e4t eines Start-up&#8217;s zusammentreffen<\/li>\n<li>Eine Arbeitswelt zum Wohlf\u00fchlen, wo Spa\u00df gepaart ist mit Professionalit\u00e4t. Wir leben ein kollegiales und angenehmes Miteinander sowie einen transparenten und unkomplizierten Umgang<\/li>\n<li>Ein dynamisches Team sowie einen Arbeitsalltag mit flachen Hierarchien und kurzen Entscheidungswegen<\/li>\n<li>Eine marktgerechte Verg\u00fctung<\/li>\n<\/ul>\n<p>&nbsp;<\/p>\n<p>Bewerbungen bitte per E-Mail an bewerbung@dafa-leipzig.de[\/vc_column_text][vc_separator color=&#8220;custom&#8220; accent_color=&#8220;#cccccc&#8220; css=&#8220;.vc_custom_1634737752773{margin-top: 5em !important;margin-bottom: 2em !important;}&#8220;][\/vc_column][\/vc_row][vc_row el_class=&#8220;dafa-hide&#8220;][vc_column width=&#8220;1\/3&#8243;][vc_single_image image=&#8220;490&#8243; img_size=&#8220;320&#215;320&#8243; onclick=&#8220;custom_link&#8220; link=&#8220;https:\/\/dafa-leipzig.de\/?page_id=1668&#8243;][vc_column_text el_class=&#8220;wp-dafa-job&#8220;]<\/p>\n<h3>Bauleiter Holzbau<\/h3>\n<p>[\/vc_column_text][\/vc_column][vc_column width=&#8220;1\/3&#8243;][vc_single_image image=&#8220;1150&#8243; img_size=&#8220;320&#215;320&#8243; onclick=&#8220;custom_link&#8220; link=&#8220;http:\/\/dafa-leipzig.de\/?page_id=1660&#8243;][vc_column_text el_class=&#8220;wp-dafa-job&#8220;]<\/p>\n<h3 class=\"vc_custom_heading\">Bauleiter Hochbau<\/h3>\n<p>[\/vc_column_text][\/vc_column][vc_column width=&#8220;1\/3&#8243;][vc_single_image image=&#8220;1797&#8243; img_size=&#8220;320&#215;320&#8243; onclick=&#8220;custom_link&#8220; link=&#8220;https:\/\/dafa-leipzig.de\/?page_id=1801&#8243;][vc_column_text el_class=&#8220;wp-dafa-job&#8220;]<\/p>\n<h3 class=\"vc_custom_heading\">Mitarbeiter Bauhof \/<br \/>\nLKW Fahrer<\/h3>\n<p>[\/vc_column_text][\/vc_column][\/vc_row][vc_row][vc_column][vc_separator color=&#8220;custom&#8220; accent_color=&#8220;#cccccc&#8220; css=&#8220;.vc_custom_1746573857773{margin-top: 0.5em !important;margin-bottom: 2em !important;}&#8220; el_class=&#8220;dafa-hide&#8220;][\/vc_column][\/vc_row][vc_row css=&#8220;.vc_custom_1634738001394{margin-bottom: 5em !important;}&#8220;][vc_column width=&#8220;1\/3&#8243;][vc_single_image image=&#8220;1023&#8243; img_size=&#8220;320&#215;320&#8243; onclick=&#8220;custom_link&#8220; link=&#8220;http:\/\/dafa-leipzig.de\/?page_id=1673&#8243;][vc_column_text el_class=&#8220;wp-dafa-job&#8220;]<\/p>\n<h3>Dachdecker<\/h3>\n<p>[\/vc_column_text][\/vc_column][vc_column width=&#8220;1\/3&#8243;][vc_single_image image=&#8220;1495&#8243; img_size=&#8220;320&#215;320&#8243; onclick=&#8220;custom_link&#8220; link=&#8220;http:\/\/dafa-leipzig.de\/?page_id=1679&#8243;][vc_column_text el_class=&#8220;wp-dafa-job&#8220;]<\/p>\n<h3>Zimmerer<\/h3>\n<p>[\/vc_column_text][\/vc_column][vc_column width=&#8220;1\/3&#8243;][vc_single_image image=&#8220;1764&#8243; img_size=&#8220;320&#215;320&#8243; onclick=&#8220;custom_link&#8220; link=&#8220;http:\/\/dafa-leipzig.de\/?page_id=1676&#8243;][vc_column_text el_class=&#8220;wp-dafa-job&#8220;]<\/p>\n<h3 class=\"vc_custom_heading\">Fassadenbauer \/-monteur<\/h3>\n<p>[\/vc_column_text][\/vc_column][\/vc_row]<\/p>\n","protected":false},"excerpt":{"rendered":"<p>[vc_row css=&#8220;.vc_custom_1634738157450{margin-top: 6em !important;margin-bottom: 3em !important;}&#8220;][vc_column][vc_custom_heading text=&#8220;Sie m\u00f6chten in einem interessanten Arbeitsumfeld in Leipzig arbeiten? Wir suchen professionelle Verst\u00e4rkung!&#8220; font_container=&#8220;tag:h2|text_align:center&#8220; google_fonts=&#8220;font_family:ABeeZee%3Aregular%2Citalic|font_style:400%20regular%3A400%3Anormal&#8220;][\/vc_column][\/vc_row][vc_row][vc_column][vc_column_text]Warum wir ein toller Arbeitsgeber sind Eine unbefristete Anstellung in einem nachhaltig denkenden mittelst\u00e4ndischen Unternehmen in dem mehr als 60 Jahre Erfolgsgeschichte und die Agilit\u00e4t eines Start-up&#8217;s zusammentreffen Eine Arbeitswelt zum Wohlf\u00fchlen, wo Spa\u00df gepaart [&hellip;]<\/p>\n","protected":false},"author":1,"featured_media":0,"parent":0,"menu_order":0,"comment_status":"closed","ping_status":"closed","template":"template-pagefull.php","meta":{"_eb_attr":"","footnotes":""},"class_list":["post-1342","page","type-page","status-publish","hentry"],"acf":[],"_links":{"self":[{"href":"https:\/\/dafa-leipzig.de\/index.php?rest_route=\/wp\/v2\/pages\/1342","targetHints":{"allow":["GET"]}}],"collection":[{"href":"https:\/\/dafa-leipzig.de\/index.php?rest_route=\/wp\/v2\/pages"}],"about":[{"href":"https:\/\/dafa-leipzig.de\/index.php?rest_route=\/wp\/v2\/types\/page"}],"author":[{"embeddable":true,"href":"https:\/\/dafa-leipzig.de\/index.php?rest_route=\/wp\/v2\/users\/1"}],"replies":[{"embeddable":true,"href":"https:\/\/dafa-leipzig.de\/index.php?rest_route=%2Fwp%2Fv2%2Fcomments&post=1342"}],"version-history":[{"count":45,"href":"https:\/\/dafa-leipzig.de\/index.php?rest_route=\/wp\/v2\/pages\/1342\/revisions"}],"predecessor-version":[{"id":1861,"href":"https:\/\/dafa-leipzig.de\/index.php?rest_route=\/wp\/v2\/pages\/1342\/revisions\/1861"}],"wp:attachment":[{"href":"https:\/\/dafa-leipzig.de\/index.php?rest_route=%2Fwp%2Fv2%2Fmedia&parent=1342"}],"curies":[{"name":"wp","href":"https:\/\/api.w.org\/{rel}","templated":true}]}}