{"id":1660,"date":"2021-10-20T11:08:09","date_gmt":"2021-10-20T09:08:09","guid":{"rendered":"https:\/\/dafa-leipzig.de\/?page_id=1660"},"modified":"2021-10-21T14:43:50","modified_gmt":"2021-10-21T12:43:50","slug":"1660-2","status":"publish","type":"page","link":"https:\/\/dafa-leipzig.de\/?page_id=1660","title":{"rendered":"Bauleiter Hochbau"},"content":{"rendered":"<p>[vc_row css=&#8220;.vc_custom_1634820107361{margin-top: 4em !important;}&#8220;][vc_column][vc_custom_heading text=&#8220;&#8220;][\/vc_column][\/vc_row][vc_row][vc_column width=&#8220;1\/4&#8243;][vc_single_image image=&#8220;1558&#8243; img_size=&#8220;medium&#8220;][\/vc_column][vc_column width=&#8220;3\/4&#8243;][vc_column_text]<u>T\u00e4tigkeitsbeschreibung:<\/u><\/p>\n<ul>\n<li>Ergebnisverantwortliche Leitung \/ Organisation \/ Abwicklung bis zur m\u00e4ngelfreien \u00dcbergabe von Hochbauvorhaben bis 3 Mio. \u20ac;<\/li>\n<li>Planung, Koordination und \u00dcberwachung aller ausf\u00fchrender Eigen- und Fremdgewerke, einschlie\u00dflich des Termin-, Kosten- und Qualit\u00e4tsmanagements;<\/li>\n<li>Nachtragsmanagement und Verhandlungsf\u00fchrung mit Auftraggebern und Auftragnehmern;<\/li>\n<li>Zeitnahe Leistungserfassung und \u2013 abrechnung gg\u00fc. den Auftraggebern;<\/li>\n<li>Permanente Soll-\/ Ist- und Wirtschaftlichkeitsbetrachtung der verantworteten Projekte;<\/li>\n<li>F\u00fchrung von Bauleitungsteams mit bis zu 5 Mitarbeitern;<\/li>\n<\/ul>\n<p>[\/vc_column_text][\/vc_column][\/vc_row][vc_row css=&#8220;.vc_custom_1634820090763{margin-top: 2em !important;}&#8220;][vc_column][vc_custom_heading text=&#8220;&#8220;][\/vc_column][\/vc_row][vc_row][vc_column width=&#8220;3\/4&#8243;][vc_column_text el_class=&#8220;wp-dafa-list-style&#8220;]<u>Fachkenntnisse \/ Pers\u00f6nliche Eigenschaften:<\/u><\/p>\n<ul>\n<li>Abgeschlossenes Studium als Bauingenieur, mehrj\u00e4hrige Berufserfahrung als Generalunternehmer-Bau-\/Projektleiter bei kleineren und mittleren Hochbauvorhaben (bis 3 Mio \u20ac);<\/li>\n<li>Sicheres Auftreten gg\u00fc. Gesch\u00e4ftspartnern, sicheres technisches, technologisches und betriebswirtschaftliches Wissen, sehr gute anwendungsbereite Kenntnisse der VOB und HOAI sowie des BGB;<\/li>\n<li>ausgepr\u00e4gtes Verantwortungsbewusstsein, Verhandlungsgeschick, Ergebnisorientierung; F\u00fchrungsst\u00e4rke;<\/li>\n<li>hoher Qualit\u00e4tsanspruch;<\/li>\n<li>gute Anwendungskenntnisse im MS-Office Paket, branchen\u00fcblicher AVA-Software, idealerweise des Programmpakets des BRZ N\u00fcrnberg<\/li>\n<li>gute F\u00fchrungsf\u00e4higkeit, motiviert und leistungsbereit, flexibel, ganzheitliches Denkverm\u00f6gen, gute Analyse- und Probleml\u00f6sef\u00e4higkeit<\/li>\n<\/ul>\n<p>[\/vc_column_text][\/vc_column][vc_column width=&#8220;1\/4&#8243;][vc_single_image image=&#8220;1150&#8243; img_size=&#8220;medium&#8220;][\/vc_column][\/vc_row][vc_row css=&#8220;.vc_custom_1634820187887{margin-top: 4em !important;}&#8220;][vc_column css=&#8220;.vc_custom_1634820015843{margin-top: 4em !important;}&#8220;][vc_custom_heading text=&#8220;&#8220;][\/vc_column][\/vc_row]<\/p>\n","protected":false},"excerpt":{"rendered":"<p>[vc_row css=&#8220;.vc_custom_1634820107361{margin-top: 4em !important;}&#8220;][vc_column][vc_custom_heading text=&#8220;&#8220;][\/vc_column][\/vc_row][vc_row][vc_column width=&#8220;1\/4&#8243;][vc_single_image image=&#8220;1558&#8243; img_size=&#8220;medium&#8220;][\/vc_column][vc_column width=&#8220;3\/4&#8243;][vc_column_text]T\u00e4tigkeitsbeschreibung: Ergebnisverantwortliche Leitung \/ Organisation \/ Abwicklung bis zur m\u00e4ngelfreien \u00dcbergabe von Hochbauvorhaben bis 3 Mio. \u20ac; Planung, Koordination und \u00dcberwachung aller ausf\u00fchrender Eigen- und Fremdgewerke, einschlie\u00dflich des Termin-, Kosten- und Qualit\u00e4tsmanagements; Nachtragsmanagement und Verhandlungsf\u00fchrung mit Auftraggebern und Auftragnehmern; Zeitnahe Leistungserfassung und \u2013 abrechnung gg\u00fc. den Auftraggebern; [&hellip;]<\/p>\n","protected":false},"author":3,"featured_media":0,"parent":0,"menu_order":0,"comment_status":"closed","ping_status":"closed","template":"template-pagefull.php","meta":{"_eb_attr":"","footnotes":""},"class_list":["post-1660","page","type-page","status-publish","hentry"],"acf":[],"_links":{"self":[{"href":"https:\/\/dafa-leipzig.de\/index.php?rest_route=\/wp\/v2\/pages\/1660","targetHints":{"allow":["GET"]}}],"collection":[{"href":"https:\/\/dafa-leipzig.de\/index.php?rest_route=\/wp\/v2\/pages"}],"about":[{"href":"https:\/\/dafa-leipzig.de\/index.php?rest_route=\/wp\/v2\/types\/page"}],"author":[{"embeddable":true,"href":"https:\/\/dafa-leipzig.de\/index.php?rest_route=\/wp\/v2\/users\/3"}],"replies":[{"embeddable":true,"href":"https:\/\/dafa-leipzig.de\/index.php?rest_route=%2Fwp%2Fv2%2Fcomments&post=1660"}],"version-history":[{"count":6,"href":"https:\/\/dafa-leipzig.de\/index.php?rest_route=\/wp\/v2\/pages\/1660\/revisions"}],"predecessor-version":[{"id":1754,"href":"https:\/\/dafa-leipzig.de\/index.php?rest_route=\/wp\/v2\/pages\/1660\/revisions\/1754"}],"wp:attachment":[{"href":"https:\/\/dafa-leipzig.de\/index.php?rest_route=%2Fwp%2Fv2%2Fmedia&parent=1660"}],"curies":[{"name":"wp","href":"https:\/\/api.w.org\/{rel}","templated":true}]}}