{"id":1673,"date":"2021-10-20T11:25:13","date_gmt":"2021-10-20T09:25:13","guid":{"rendered":"https:\/\/dafa-leipzig.de\/?page_id=1673"},"modified":"2021-10-21T14:48:31","modified_gmt":"2021-10-21T12:48:31","slug":"1673-2","status":"publish","type":"page","link":"https:\/\/dafa-leipzig.de\/?page_id=1673","title":{"rendered":"Dachdecker"},"content":{"rendered":"<p>[vc_row css=&#8220;.vc_custom_1634820484310{margin-top: 4em !important;}&#8220;][vc_column][vc_custom_heading text=&#8220;&#8220;][\/vc_column][\/vc_row][vc_row][vc_column width=&#8220;1\/4&#8243;][vc_single_image image=&#8220;1023&#8243; img_size=&#8220;medium&#8220;][\/vc_column][vc_column width=&#8220;3\/4&#8243;][vc_column_text]<u>T\u00e4tigkeitsbeschreibung:<\/u><\/p>\n<ul>\n<li>Ausf\u00fchren von Abdichtungsarbeiten (vorwiegend Flachdach) mit Bitum- und Kunststoffbahnen;<\/li>\n<li>Eindecken von D\u00e4chern mit Ziegeln;<\/li>\n<li>Montage von Dachentw\u00e4sserungen<\/li>\n<\/ul>\n<p>[\/vc_column_text][\/vc_column][\/vc_row][vc_row css=&#8220;.vc_custom_1634820492159{margin-top: 2em !important;}&#8220;][vc_column][vc_custom_heading text=&#8220;&#8220;][\/vc_column][\/vc_row][vc_row][vc_column width=&#8220;3\/4&#8243;][vc_column_text el_class=&#8220;wp-dafa-list-style&#8220;]<u>Fachkenntnisse \/ Pers\u00f6nliche Eigenschaften:<\/u><\/p>\n<ul>\n<li>H\u00f6hentauglich und k\u00f6rperlich fit, mit Berufserfahrung, flexibel, ganzheitliches Denken, teamf\u00e4hig, zuverl\u00e4ssig, motiviert und leistungsbereit<\/li>\n<\/ul>\n<p>[\/vc_column_text][\/vc_column][vc_column width=&#8220;1\/4&#8243;][vc_single_image image=&#8220;873&#8243; img_size=&#8220;medium&#8220;][\/vc_column][\/vc_row][vc_row css=&#8220;.vc_custom_1634820499750{margin-top: 4em !important;}&#8220;][vc_column][vc_custom_heading text=&#8220;&#8220;][\/vc_column][\/vc_row]<\/p>\n","protected":false},"excerpt":{"rendered":"<p>[vc_row css=&#8220;.vc_custom_1634820484310{margin-top: 4em !important;}&#8220;][vc_column][vc_custom_heading text=&#8220;&#8220;][\/vc_column][\/vc_row][vc_row][vc_column width=&#8220;1\/4&#8243;][vc_single_image image=&#8220;1023&#8243; img_size=&#8220;medium&#8220;][\/vc_column][vc_column width=&#8220;3\/4&#8243;][vc_column_text]T\u00e4tigkeitsbeschreibung: Ausf\u00fchren von Abdichtungsarbeiten (vorwiegend Flachdach) mit Bitum- und Kunststoffbahnen; Eindecken von D\u00e4chern mit Ziegeln; Montage von Dachentw\u00e4sserungen [\/vc_column_text][\/vc_column][\/vc_row][vc_row css=&#8220;.vc_custom_1634820492159{margin-top: 2em !important;}&#8220;][vc_column][vc_custom_heading text=&#8220;&#8220;][\/vc_column][\/vc_row][vc_row][vc_column width=&#8220;3\/4&#8243;][vc_column_text el_class=&#8220;wp-dafa-list-style&#8220;]Fachkenntnisse \/ Pers\u00f6nliche Eigenschaften: H\u00f6hentauglich und k\u00f6rperlich fit, mit Berufserfahrung, flexibel, ganzheitliches Denken, teamf\u00e4hig, zuverl\u00e4ssig, motiviert und leistungsbereit [\/vc_column_text][\/vc_column][vc_column width=&#8220;1\/4&#8243;][vc_single_image image=&#8220;873&#8243; img_size=&#8220;medium&#8220;][\/vc_column][\/vc_row][vc_row css=&#8220;.vc_custom_1634820499750{margin-top: [&hellip;]<\/p>\n","protected":false},"author":3,"featured_media":0,"parent":0,"menu_order":0,"comment_status":"closed","ping_status":"closed","template":"template-pagefull.php","meta":{"_eb_attr":"","footnotes":""},"class_list":["post-1673","page","type-page","status-publish","hentry"],"acf":[],"_links":{"self":[{"href":"https:\/\/dafa-leipzig.de\/index.php?rest_route=\/wp\/v2\/pages\/1673","targetHints":{"allow":["GET"]}}],"collection":[{"href":"https:\/\/dafa-leipzig.de\/index.php?rest_route=\/wp\/v2\/pages"}],"about":[{"href":"https:\/\/dafa-leipzig.de\/index.php?rest_route=\/wp\/v2\/types\/page"}],"author":[{"embeddable":true,"href":"https:\/\/dafa-leipzig.de\/index.php?rest_route=\/wp\/v2\/users\/3"}],"replies":[{"embeddable":true,"href":"https:\/\/dafa-leipzig.de\/index.php?rest_route=%2Fwp%2Fv2%2Fcomments&post=1673"}],"version-history":[{"count":5,"href":"https:\/\/dafa-leipzig.de\/index.php?rest_route=\/wp\/v2\/pages\/1673\/revisions"}],"predecessor-version":[{"id":1757,"href":"https:\/\/dafa-leipzig.de\/index.php?rest_route=\/wp\/v2\/pages\/1673\/revisions\/1757"}],"wp:attachment":[{"href":"https:\/\/dafa-leipzig.de\/index.php?rest_route=%2Fwp%2Fv2%2Fmedia&parent=1673"}],"curies":[{"name":"wp","href":"https:\/\/api.w.org\/{rel}","templated":true}]}}