{"id":1679,"date":"2021-10-20T11:25:31","date_gmt":"2021-10-20T09:25:31","guid":{"rendered":"https:\/\/dafa-leipzig.de\/?page_id=1679"},"modified":"2021-10-21T14:52:03","modified_gmt":"2021-10-21T12:52:03","slug":"1679-2","status":"publish","type":"page","link":"https:\/\/dafa-leipzig.de\/?page_id=1679","title":{"rendered":"Zimmerer"},"content":{"rendered":"<p>[vc_row css=&#8220;.vc_custom_1634820673678{margin-top: 4em !important;}&#8220;][vc_column][vc_custom_heading text=&#8220;&#8220;][\/vc_column][\/vc_row][vc_row][vc_column width=&#8220;1\/4&#8243;][vc_single_image image=&#8220;1495&#8243; img_size=&#8220;medium&#8220;][\/vc_column][vc_column width=&#8220;3\/4&#8243;][vc_column_text]<u>T\u00e4tigkeitsbeschreibung:<\/u><\/p>\n<ul>\n<li>Abbinden, Aufstellen, Verlegen von Dachkonstruktionen<\/li>\n<li>Vorfertigung und Montage von Holzrahmenbauelementen<\/li>\n<li>Fassadenbekleidung mit unterschiedlichen Materialien<\/li>\n<\/ul>\n<p>[\/vc_column_text][\/vc_column][\/vc_row][vc_row css=&#8220;.vc_custom_1634820681574{margin-top: 2em !important;}&#8220;][vc_column][vc_custom_heading text=&#8220;&#8220;][\/vc_column][\/vc_row][vc_row][vc_column width=&#8220;3\/4&#8243;][vc_column_text el_class=&#8220;wp-dafa-list-style&#8220;]<u>Fachkenntnisse \/ Pers\u00f6nliche Eigenschaften:<\/u><\/p>\n<ul>\n<li>Abbinden und Montage von Dachkonstruktionen<\/li>\n<li>Berufserfahrung im Holzrahmenbau<\/li>\n<li>k\u00f6rperliche Fitness und H\u00f6hentauglichkeit<\/li>\n<li>gute Auffassungsgabe, teamf\u00e4hig, sorgf\u00e4ltige\/genaue Arbeitsweise, flexibel, zuverl\u00e4ssig, motiviert und leistungsbereit<\/li>\n<\/ul>\n<p>[\/vc_column_text][\/vc_column][vc_column width=&#8220;1\/4&#8243;][vc_single_image image=&#8220;779&#8243; img_size=&#8220;medium&#8220;][\/vc_column][\/vc_row][vc_row css=&#8220;.vc_custom_1634820709017{margin-top: 4em !important;}&#8220;][vc_column][vc_custom_heading text=&#8220;&#8220;][\/vc_column][\/vc_row]<\/p>\n","protected":false},"excerpt":{"rendered":"<p>[vc_row css=&#8220;.vc_custom_1634820673678{margin-top: 4em !important;}&#8220;][vc_column][vc_custom_heading text=&#8220;&#8220;][\/vc_column][\/vc_row][vc_row][vc_column width=&#8220;1\/4&#8243;][vc_single_image image=&#8220;1495&#8243; img_size=&#8220;medium&#8220;][\/vc_column][vc_column width=&#8220;3\/4&#8243;][vc_column_text]T\u00e4tigkeitsbeschreibung: Abbinden, Aufstellen, Verlegen von Dachkonstruktionen Vorfertigung und Montage von Holzrahmenbauelementen Fassadenbekleidung mit unterschiedlichen Materialien [\/vc_column_text][\/vc_column][\/vc_row][vc_row css=&#8220;.vc_custom_1634820681574{margin-top: 2em !important;}&#8220;][vc_column][vc_custom_heading text=&#8220;&#8220;][\/vc_column][\/vc_row][vc_row][vc_column width=&#8220;3\/4&#8243;][vc_column_text el_class=&#8220;wp-dafa-list-style&#8220;]Fachkenntnisse \/ Pers\u00f6nliche Eigenschaften: Abbinden und Montage von Dachkonstruktionen Berufserfahrung im Holzrahmenbau k\u00f6rperliche Fitness und H\u00f6hentauglichkeit gute Auffassungsgabe, teamf\u00e4hig, sorgf\u00e4ltige\/genaue Arbeitsweise, flexibel, zuverl\u00e4ssig, motiviert und leistungsbereit [&hellip;]<\/p>\n","protected":false},"author":3,"featured_media":0,"parent":0,"menu_order":0,"comment_status":"closed","ping_status":"closed","template":"template-pagefull.php","meta":{"_eb_attr":"","footnotes":""},"class_list":["post-1679","page","type-page","status-publish","hentry"],"acf":[],"_links":{"self":[{"href":"https:\/\/dafa-leipzig.de\/index.php?rest_route=\/wp\/v2\/pages\/1679","targetHints":{"allow":["GET"]}}],"collection":[{"href":"https:\/\/dafa-leipzig.de\/index.php?rest_route=\/wp\/v2\/pages"}],"about":[{"href":"https:\/\/dafa-leipzig.de\/index.php?rest_route=\/wp\/v2\/types\/page"}],"author":[{"embeddable":true,"href":"https:\/\/dafa-leipzig.de\/index.php?rest_route=\/wp\/v2\/users\/3"}],"replies":[{"embeddable":true,"href":"https:\/\/dafa-leipzig.de\/index.php?rest_route=%2Fwp%2Fv2%2Fcomments&post=1679"}],"version-history":[{"count":5,"href":"https:\/\/dafa-leipzig.de\/index.php?rest_route=\/wp\/v2\/pages\/1679\/revisions"}],"predecessor-version":[{"id":1759,"href":"https:\/\/dafa-leipzig.de\/index.php?rest_route=\/wp\/v2\/pages\/1679\/revisions\/1759"}],"wp:attachment":[{"href":"https:\/\/dafa-leipzig.de\/index.php?rest_route=%2Fwp%2Fv2%2Fmedia&parent=1679"}],"curies":[{"name":"wp","href":"https:\/\/api.w.org\/{rel}","templated":true}]}}