{"id":1801,"date":"2024-08-20T14:46:44","date_gmt":"2024-08-20T12:46:44","guid":{"rendered":"https:\/\/dafa-leipzig.de\/?page_id=1801"},"modified":"2024-08-20T14:52:25","modified_gmt":"2024-08-20T12:52:25","slug":"mitarbeiter-bauhof-lkw-fahrer","status":"publish","type":"page","link":"https:\/\/dafa-leipzig.de\/?page_id=1801","title":{"rendered":"Mitarbeiter Bauhof \/ LKW Fahrer"},"content":{"rendered":"<p>[vc_row css=&#8220;.vc_custom_1634820383396{margin-top: 4em !important;}&#8220;][vc_column][vc_custom_heading text=&#8220;&#8220;][\/vc_column][\/vc_row][vc_row][vc_column width=&#8220;1\/4&#8243;][vc_single_image image=&#8220;1609&#8243; img_size=&#8220;medium&#8220;][\/vc_column][vc_column width=&#8220;3\/4&#8243;][vc_column_text el_class=&#8220;wp-dafa-list-style&#8220;]<u>Ihr potentielles Aufgabengebiet:<\/u><\/p>\n<ul>\n<li>Organisation Bauhof<\/li>\n<li>Durchf\u00fchren von Lieferanten- und Lieferpr\u00fcfungen<\/li>\n<li>Werkzeug- und Materialausgabe<\/li>\n<li>Pr\u00fcfung und Betreuung der Kfz.-Technik<\/li>\n<li>Fahren eines LKW mit Pritsche und Ladekran<\/li>\n<li>Be- und Entladen des LKW mit Ladekran<\/li>\n<li>Kranarbeiten<\/li>\n<\/ul>\n<p>[\/vc_column_text][\/vc_column][\/vc_row][vc_row css=&#8220;.vc_custom_1634820400425{margin-top: 1em !important;}&#8220;][vc_column][vc_custom_heading text=&#8220;&#8220;][\/vc_column][\/vc_row][vc_row][vc_column width=&#8220;3\/4&#8243;][vc_column_text el_class=&#8220;wp-dafa-list-style&#8220;]<u>Fachkenntnisse \/ Pers\u00f6nliche Eigenschaften:<\/u><\/p>\n<ul>\n<li>Berufskraftfahrer\/in<\/li>\n<li>F\u00fchrerschein Klasse C zwingend erforderlich<\/li>\n<li>Fahrerlaubnis CE schwere LKW mit Anh\u00e4nger zwingend erforderlich<\/li>\n<li>Beladen, Entladen<\/li>\n<li>Baustellenverkehr<\/li>\n<li>Fahrzeugf\u00fchrung<\/li>\n<li>Betriebssicherheit von Transportmitteln kontrollieren<\/li>\n<li>Kraftfahrzeugpflege<\/li>\n<li>Hebezeuge bedienen<\/li>\n<\/ul>\n<p>[\/vc_column_text][\/vc_column][vc_column width=&#8220;1\/4&#8243;][vc_single_image image=&#8220;1611&#8243; img_size=&#8220;medium&#8220;][\/vc_column][\/vc_row][vc_row css=&#8220;.vc_custom_1634820412706{margin-top: 1em !important;}&#8220;][vc_column][vc_custom_heading text=&#8220;&#8220;][\/vc_column][\/vc_row][vc_row][vc_column width=&#8220;1\/4&#8243;][vc_single_image image=&#8220;1589&#8243; img_size=&#8220;medium&#8220;][\/vc_column][vc_column width=&#8220;3\/4&#8243;][vc_column_text]<u>Arbeitszeit:<\/u>\u00a0 \u00a0 \u00a0 40 Stunden\/Woche Vollzeit<\/p>\n<p><u>Gehalt:<\/u>\u00a0 \u00a0 \u00a0 \u00a0 \u00a0 \u00a0 \u00a0 leistungsgerechte Bezahlung<\/p>\n<p><u>Qualifikation:<\/u>\u00a0 Berufskraftfahrer[\/vc_column_text][\/vc_column][\/vc_row][vc_row css=&#8220;.vc_custom_1634820429642{margin-top: 4em !important;}&#8220;][vc_column][vc_custom_heading text=&#8220;&#8220;][\/vc_column][\/vc_row]<\/p>\n","protected":false},"excerpt":{"rendered":"<p>[vc_row css=&#8220;.vc_custom_1634820383396{margin-top: 4em !important;}&#8220;][vc_column][vc_custom_heading text=&#8220;&#8220;][\/vc_column][\/vc_row][vc_row][vc_column width=&#8220;1\/4&#8243;][vc_single_image image=&#8220;1609&#8243; img_size=&#8220;medium&#8220;][\/vc_column][vc_column width=&#8220;3\/4&#8243;][vc_column_text el_class=&#8220;wp-dafa-list-style&#8220;]Ihr potentielles Aufgabengebiet: Organisation Bauhof Durchf\u00fchren von Lieferanten- und Lieferpr\u00fcfungen Werkzeug- und Materialausgabe Pr\u00fcfung und Betreuung der Kfz.-Technik Fahren eines LKW mit Pritsche und Ladekran Be- und Entladen des LKW mit Ladekran Kranarbeiten [\/vc_column_text][\/vc_column][\/vc_row][vc_row css=&#8220;.vc_custom_1634820400425{margin-top: 1em !important;}&#8220;][vc_column][vc_custom_heading text=&#8220;&#8220;][\/vc_column][\/vc_row][vc_row][vc_column width=&#8220;3\/4&#8243;][vc_column_text el_class=&#8220;wp-dafa-list-style&#8220;]Fachkenntnisse \/ Pers\u00f6nliche Eigenschaften: Berufskraftfahrer\/in F\u00fchrerschein Klasse [&hellip;]<\/p>\n","protected":false},"author":1,"featured_media":0,"parent":0,"menu_order":0,"comment_status":"closed","ping_status":"closed","template":"template-pagefull.php","meta":{"_eb_attr":"","footnotes":""},"class_list":["post-1801","page","type-page","status-publish","hentry"],"acf":[],"_links":{"self":[{"href":"https:\/\/dafa-leipzig.de\/index.php?rest_route=\/wp\/v2\/pages\/1801","targetHints":{"allow":["GET"]}}],"collection":[{"href":"https:\/\/dafa-leipzig.de\/index.php?rest_route=\/wp\/v2\/pages"}],"about":[{"href":"https:\/\/dafa-leipzig.de\/index.php?rest_route=\/wp\/v2\/types\/page"}],"author":[{"embeddable":true,"href":"https:\/\/dafa-leipzig.de\/index.php?rest_route=\/wp\/v2\/users\/1"}],"replies":[{"embeddable":true,"href":"https:\/\/dafa-leipzig.de\/index.php?rest_route=%2Fwp%2Fv2%2Fcomments&post=1801"}],"version-history":[{"count":5,"href":"https:\/\/dafa-leipzig.de\/index.php?rest_route=\/wp\/v2\/pages\/1801\/revisions"}],"predecessor-version":[{"id":1807,"href":"https:\/\/dafa-leipzig.de\/index.php?rest_route=\/wp\/v2\/pages\/1801\/revisions\/1807"}],"wp:attachment":[{"href":"https:\/\/dafa-leipzig.de\/index.php?rest_route=%2Fwp%2Fv2%2Fmedia&parent=1801"}],"curies":[{"name":"wp","href":"https:\/\/api.w.org\/{rel}","templated":true}]}}