{"id":48,"date":"2015-11-09T13:50:50","date_gmt":"2015-11-09T12:50:50","guid":{"rendered":"http:\/\/demo.qkthemes.net\/construct\/?page_id=48"},"modified":"2021-10-21T16:15:00","modified_gmt":"2021-10-21T14:15:00","slug":"unternehmen","status":"publish","type":"page","link":"https:\/\/dafa-leipzig.de\/?page_id=48","title":{"rendered":"Unternehmen"},"content":{"rendered":"<p>[vc_row el_class=&#8220;about-section&#8220;][vc_column width=&#8220;1\/2&#8243; el_class=&#8220;about-post&#8220;][vc_column_text]<\/p>\n<h1>Das Unternehmen<\/h1>\n<p>&nbsp;<\/p>\n<p>Seit der Gr\u00fcndung vor mehr als 60 Jahren hat die DAFA Bau GmbH verschiedene Unternehmensformen angenommen und zahlreiche Ver\u00e4nderungen durchgestanden, wurde aber stets durch Mitarbeiter aus der Region Leipzig geformt und gef\u00fchrt. Neben den traditionellen Handwerksleistungen verf\u00fcgt das Unternehmen mittlerweile auch \u00fcber Kapazit\u00e4ten und Know-How, um als Generalunternehmer erfolgreich Projekte umzusetzen.<\/p>\n<p>Mit dem Bau von Passivh\u00e4usern geht die DAFA Bau GmbH innovative Wege und realisiert Neubauten und Sanierungen unterschiedlichster Art und Gr\u00f6\u00dfe. Dabei werden Heizenergie- und Kostenersparnisse von mehr als 85% erm\u00f6glicht.<\/p>\n<p>Heute stellen rund 55 qualifizierte Ingenieure, Kaufleute, Handwerksmeister und Gesellen den Erfolg ihrer Kunden sicher. Sie sind Spezialisten mit langj\u00e4hriger Erfahrung und modernem Baumanagement.[\/vc_column_text][\/vc_column][vc_column width=&#8220;1\/2&#8243; el_class=&#8220;about-post&#8220;][vc_empty_space height=&#8220;120px&#8220;][vc_single_image image=&#8220;1751&#8243; img_size=&#8220;full&#8220; css=&#8220;.vc_custom_1634825653517{margin-left: 1em !important;}&#8220;][\/vc_column][\/vc_row][vc_row el_class=&#8220;tabs-section&#8220;][vc_column width=&#8220;7\/12&#8243; el_class=&#8220;about-box&#8220;][vc_single_image image=&#8220;1732&#8243; img_size=&#8220;full&#8220;][vc_column_text]<\/p>\n<h2>Mit dem richtigen Ma\u00df an Planung<\/h2>\n<p>[\/vc_column_text][\/vc_column][vc_column width=&#8220;5\/12&#8243; el_class=&#8220;about-box&#8220;][vc_column_text]<\/p>\n<h2>Das Team<\/h2>\n<p>Das Team der DAFA Bau GmbH ist gekennzeichnet durch die optimale Symbiose aus Berufserfahrung, praktischen F\u00e4higkeiten und Fertigkeiten, hochgradigem technischen Wissen und modernem Management.<\/p>\n<p>Eine flache Hierarchie und kurze Entscheidungswege geben dem Unternehmen die n\u00f6tige Flexibilit\u00e4t, am Markt erfolgreich zu bestehen. Die \u00fcber 55 Mitarbeiter identifizieren sich mit den W\u00fcnschen und Zielen ihrer Kunden und sorgen jederzeit f\u00fcr eine partnerschaftliche zielf\u00fchrende Zusammenarbeit.[\/vc_column_text][\/vc_column][\/vc_row][vc_row el_class=&#8220;about-section&#8220;][vc_column width=&#8220;1\/2&#8243; el_class=&#8220;about-post&#8220;][vc_column_text]<\/p>\n<h1>Handwerk mit Geschichte<\/h1>\n<p>&nbsp;<\/p>\n<p>Die heutige DAFA Bau GmbH verfolgt ihre Entwicklung auf den 1959 gegr\u00fcndeten VEB (K)-Bau Leipzig zur\u00fcck.<\/p>\n<p>Innerhalb von 20 Jahren wurde die heutige DAFA Bau GmbH bis 1980 zum gr\u00f6\u00dften DDR-Kombinat f\u00fcr Baureparaturen, dem VEB Kombinat Baureparaturen Leipzig (KBR).<\/p>\n<p>Nach der Wende gr\u00fcndeten sich aus dem KBR mehrere Treuhandunternehmen aus , so auch die damalige DAFA GmbH, um auf marktwirtschaftlicher Grundlage fortzubestehen. 1993 wurde die DAFA GmbH durch die Wolff &amp; M\u00fcller GmbH &amp; Co. KG Stuttgart erworben und bis 1997 als Wolff &amp; M\u00fcller DAFA GmbH fortgef\u00fchrt. Durch Verschmelzung mit dem Mutterhaus firmierte sich der Betrieb von 1997 bis 2006 als Zweigniederlassung DAFA Leipzig der Bauunternehmung Wolff &amp; M\u00fcller GmbH &amp; Co.KG Stuttgart.<\/p>\n<p>[\/vc_column_text][vc_single_image image=&#8220;1750&#8243; img_size=&#8220;full&#8220; css=&#8220;.vc_custom_1634825677470{margin-top: 4.5em !important;}&#8220;][\/vc_column][vc_column width=&#8220;1\/2&#8243; el_class=&#8220;about-post&#8220;][vc_empty_space height=&#8220;120px&#8220;][vc_single_image image=&#8220;841&#8243; img_size=&#8220;full&#8220; css=&#8220;.vc_custom_1615497672846{margin-left: 1em !important;}&#8220;][vc_column_text]<\/p>\n<p>Im Rahmen eines Management-By-Outs \u00fcbernahm der damalige Niederlassungsleiter Kurt Kanis im Juli 2006 den Betrieb als Gesch\u00e4ftsf\u00fchrender Gesellschafter.<\/p>\n<p>Seit dem entwickelte sich die jetzige DAFA Bau GmbH als mittelst\u00e4ndisches Bauunternehmen stetig weiter. Auf Grund des breit aufgestellten Bet\u00e4tigungsfeldes gelang es dem Unternehmen auch schwierige rezessive Zeiten erfolgreich zu meistern.<\/p>\n<p>Im Zuge einer planm\u00e4\u00dfigen Nachfolgerregelung \u00fcbernahmen im Juli 2017 die langj\u00e4hrigen Mitarbeiter Michael Nitzsche und Michael Eckert als gesch\u00e4ftsf\u00fchrende Gesellschafter das Unternehmen. Damit konnte die Zukunft der DAFA Bau GmbH f\u00fcr die kommenden Jahre gesichert werden.<\/p>\n<p>Auch heute steht die DAFA Bau GmbH ihrer Kundschaft mit traditionellem Handwerk und innovativen industriellen Bauleistungen als kompetenter, leistungsstarker Partner zur Verf\u00fcgung.[\/vc_column_text][\/vc_column][\/vc_row][vc_row el_class=&#8220;tabs-section&#8220;][vc_column width=&#8220;7\/12&#8243; el_class=&#8220;about-box&#8220;][vc_column_text]<\/p>\n<h2>Praktika<\/h2>\n<p><u>Arbeitsbereich<\/u><\/p>\n<p>Im Rahmen eines bezahlten Praktikums \u00fcbernehmen Sie verantwortungs\u00advolle Aufgaben im Bereich des Technischen Innendienstes und der Bauleitung.<\/p>\n<p><u>Aufgaben<\/u><\/p>\n<p>Baustellenvorbereitung<br \/>\nKalkulationsvorbereitende Leistungen<br \/>\nMitwirkung bei Nachunternehmervergabe<br \/>\nAssistenz der Bauleitung<br \/>\nRechnungspr\u00fcfung<\/p>\n<p><u>Ihre Kompetenzen<\/u><\/p>\n<p>Sie sind Student des Bau- &amp; Wirtschaftsingenieurwesens, hoch motiviert und m\u00f6chten mit einem Praktikum die Chance nutzen, Ihre F\u00e4higkeiten in einem leistungsstarken Team unter Beweis zu stellen. Sie sollten Kenntnisse in den grundlegenden Office-Anwendungen mitbringen und zielorientiert denken.<\/p>\n<p>Bitte richten Sie Ihre Bewerbungsunterlagen per E-Mail oder Post an:<\/p>\n<p>DAFA Bau GmbH<br \/>\nG\u00f6hrenzer Str. 1g<br \/>\n04420 Markranst\u00e4dt \/ OT Kulkwitz<\/p>\n<p>E-Mail: info@dafa-leipzig.de[\/vc_column_text][\/vc_column][vc_column width=&#8220;5\/12&#8243; el_class=&#8220;about-box&#8220; css=&#8220;.vc_custom_1615498354955{margin-top: 5em !important;}&#8220;][vc_single_image image=&#8220;84&#8243; img_size=&#8220;full&#8220;][vc_column_text]<\/p>\n<h2>Mit der DAFA die richtigen Schritte machen<\/h2>\n<p>[\/vc_column_text][\/vc_column][\/vc_row]<\/p>\n","protected":false},"excerpt":{"rendered":"<p>[vc_row el_class=&#8220;about-section&#8220;][vc_column width=&#8220;1\/2&#8243; el_class=&#8220;about-post&#8220;][vc_column_text] Das Unternehmen &nbsp; Seit der Gr\u00fcndung vor mehr als 60 Jahren hat die DAFA Bau GmbH verschiedene Unternehmensformen angenommen und zahlreiche Ver\u00e4nderungen durchgestanden, wurde aber stets durch Mitarbeiter aus der Region Leipzig geformt und gef\u00fchrt. Neben den traditionellen Handwerksleistungen verf\u00fcgt das Unternehmen mittlerweile auch \u00fcber Kapazit\u00e4ten und Know-How, um als Generalunternehmer [&hellip;]<\/p>\n","protected":false},"author":1,"featured_media":0,"parent":0,"menu_order":0,"comment_status":"closed","ping_status":"closed","template":"template-pagefull.php","meta":{"_eb_attr":"","footnotes":""},"class_list":["post-48","page","type-page","status-publish","hentry"],"acf":[],"_links":{"self":[{"href":"https:\/\/dafa-leipzig.de\/index.php?rest_route=\/wp\/v2\/pages\/48","targetHints":{"allow":["GET"]}}],"collection":[{"href":"https:\/\/dafa-leipzig.de\/index.php?rest_route=\/wp\/v2\/pages"}],"about":[{"href":"https:\/\/dafa-leipzig.de\/index.php?rest_route=\/wp\/v2\/types\/page"}],"author":[{"embeddable":true,"href":"https:\/\/dafa-leipzig.de\/index.php?rest_route=\/wp\/v2\/users\/1"}],"replies":[{"embeddable":true,"href":"https:\/\/dafa-leipzig.de\/index.php?rest_route=%2Fwp%2Fv2%2Fcomments&post=48"}],"version-history":[{"count":22,"href":"https:\/\/dafa-leipzig.de\/index.php?rest_route=\/wp\/v2\/pages\/48\/revisions"}],"predecessor-version":[{"id":1762,"href":"https:\/\/dafa-leipzig.de\/index.php?rest_route=\/wp\/v2\/pages\/48\/revisions\/1762"}],"wp:attachment":[{"href":"https:\/\/dafa-leipzig.de\/index.php?rest_route=%2Fwp%2Fv2%2Fmedia&parent=48"}],"curies":[{"name":"wp","href":"https:\/\/api.w.org\/{rel}","templated":true}]}}