{"id":73,"date":"2015-11-10T14:52:59","date_gmt":"2015-11-10T13:52:59","guid":{"rendered":"http:\/\/demo.qkthemes.net\/construct\/?page_id=73"},"modified":"2021-06-21T12:44:22","modified_gmt":"2021-06-21T10:44:22","slug":"fassaden","status":"publish","type":"page","link":"https:\/\/dafa-leipzig.de\/?page_id=73","title":{"rendered":"Fassaden"},"content":{"rendered":"<p>[vc_row el_class=&#8220;services-section&#8220;][vc_column width=&#8220;1\/2&#8243;][vc_column_text]<\/p>\n<h3>Fassadenbau<\/h3>\n<p>&nbsp;<\/p>\n<p>Das Traditionsunternehmen DAFA Bau GmbH steht Ihnen seit \u00fcber 60 Jahren als starker Partner rund um den modernen Fassadenbau zur Seite. Die Vielzahl an erfolgreich durchgef\u00fchrten Projekten unterschiedlichster Art und Ausf\u00fchrung macht uns zu Spezialisten, wenn es um vorgeh\u00e4ngte hinterl\u00fcftete Fassaden geht.[\/vc_column_text][\/vc_column][vc_column width=&#8220;1\/2&#8243;][vc_single_image image=&#8220;1373&#8243; img_size=&#8220;large&#8220; css=&#8220;.vc_custom_1619462396116{margin-top: 2em !important;}&#8220;][\/vc_column][\/vc_row][vc_row][vc_column width=&#8220;1\/2&#8243;][vc_single_image image=&#8220;917&#8243; img_size=&#8220;large&#8220;][\/vc_column][vc_column width=&#8220;1\/2&#8243;][vc_column_text css=&#8220;.vc_custom_1624272123312{margin-top: 2em !important;}&#8220;]Vorgeh\u00e4ngte hinterl\u00fcftete Fassaden zeichnen sich durch eine bunte Bandbreite an zur Verf\u00fcgung stehender Design-M\u00f6glichkeiten aus. Mit verschiedensten Materialien, Formen, Farben und Verlegerastern er\u00f6ffnen wir eine breit gef\u00e4cherte Palette f\u00fcr kreative und individuelle Fassadengestaltung.[\/vc_column_text][\/vc_column][\/vc_row][vc_row][vc_column width=&#8220;1\/2&#8243;][vc_column_text el_class=&#8220;wp-dafa-list-style&#8220;]<\/p>\n<h3>Materialien<\/h3>\n<p>&nbsp;<\/p>\n<p>F\u00fcr die Fassadenbekleidung k\u00f6nnen Materialien wie u.a.:<\/p>\n<ul>\n<li>Metall<\/li>\n<li>Faserzement<\/li>\n<li>Holz<\/li>\n<li>Keramik<\/li>\n<li>Verbundtafeln<\/li>\n<\/ul>\n<p>zum Einsatz kommen.[\/vc_column_text][\/vc_column][vc_column width=&#8220;1\/2&#8243;][vc_single_image image=&#8220;1500&#8243; img_size=&#8220;large&#8220;][\/vc_column][\/vc_row]<\/p>\n","protected":false},"excerpt":{"rendered":"<p>[vc_row el_class=&#8220;services-section&#8220;][vc_column width=&#8220;1\/2&#8243;][vc_column_text] Fassadenbau &nbsp; Das Traditionsunternehmen DAFA Bau GmbH steht Ihnen seit \u00fcber 60 Jahren als starker Partner rund um den modernen Fassadenbau zur Seite. Die Vielzahl an erfolgreich durchgef\u00fchrten Projekten unterschiedlichster Art und Ausf\u00fchrung macht uns zu Spezialisten, wenn es um vorgeh\u00e4ngte hinterl\u00fcftete Fassaden geht.[\/vc_column_text][\/vc_column][vc_column width=&#8220;1\/2&#8243;][vc_single_image image=&#8220;1373&#8243; img_size=&#8220;large&#8220; css=&#8220;.vc_custom_1619462396116{margin-top: 2em !important;}&#8220;][\/vc_column][\/vc_row][vc_row][vc_column width=&#8220;1\/2&#8243;][vc_single_image image=&#8220;917&#8243; [&hellip;]<\/p>\n","protected":false},"author":1,"featured_media":0,"parent":71,"menu_order":0,"comment_status":"closed","ping_status":"closed","template":"template-service.php","meta":{"_eb_attr":"","footnotes":""},"class_list":["post-73","page","type-page","status-publish","hentry"],"acf":[],"_links":{"self":[{"href":"https:\/\/dafa-leipzig.de\/index.php?rest_route=\/wp\/v2\/pages\/73","targetHints":{"allow":["GET"]}}],"collection":[{"href":"https:\/\/dafa-leipzig.de\/index.php?rest_route=\/wp\/v2\/pages"}],"about":[{"href":"https:\/\/dafa-leipzig.de\/index.php?rest_route=\/wp\/v2\/types\/page"}],"author":[{"embeddable":true,"href":"https:\/\/dafa-leipzig.de\/index.php?rest_route=\/wp\/v2\/users\/1"}],"replies":[{"embeddable":true,"href":"https:\/\/dafa-leipzig.de\/index.php?rest_route=%2Fwp%2Fv2%2Fcomments&post=73"}],"version-history":[{"count":5,"href":"https:\/\/dafa-leipzig.de\/index.php?rest_route=\/wp\/v2\/pages\/73\/revisions"}],"predecessor-version":[{"id":1645,"href":"https:\/\/dafa-leipzig.de\/index.php?rest_route=\/wp\/v2\/pages\/73\/revisions\/1645"}],"up":[{"embeddable":true,"href":"https:\/\/dafa-leipzig.de\/index.php?rest_route=\/wp\/v2\/pages\/71"}],"wp:attachment":[{"href":"https:\/\/dafa-leipzig.de\/index.php?rest_route=%2Fwp%2Fv2%2Fmedia&parent=73"}],"curies":[{"name":"wp","href":"https:\/\/api.w.org\/{rel}","templated":true}]}}